{"id":5,"date":"2020-01-13T11:17:52","date_gmt":"2020-01-13T11:17:52","guid":{"rendered":"https:\/\/demosites.io\/web-agency-gb\/?page_id=5"},"modified":"2023-02-17T20:09:25","modified_gmt":"2023-02-17T19:09:25","slug":"15c42-web-agency-gb-home","status":"publish","type":"page","link":"https:\/\/balzance.fr\/","title":{"rendered":"Home"},"content":{"rendered":"<div class=\"wp-block-image\">\n<figure class=\"aligncenter size-large is-resized\"><img decoding=\"async\" src=\"http:\/\/balzance.fr\/wp-content\/uploads\/2023\/02\/Logo-Balzance-edited.png\" alt=\"\" class=\"wp-image-401\" width=\"512\" srcset=\"https:\/\/balzance.fr\/wp-content\/uploads\/2023\/02\/Logo-Balzance-edited.png 1563w, https:\/\/balzance.fr\/wp-content\/uploads\/2023\/02\/Logo-Balzance-edited-300x188.png 300w, https:\/\/balzance.fr\/wp-content\/uploads\/2023\/02\/Logo-Balzance-edited-1024x640.png 1024w, https:\/\/balzance.fr\/wp-content\/uploads\/2023\/02\/Logo-Balzance-edited-768x480.png 768w, https:\/\/balzance.fr\/wp-content\/uploads\/2023\/02\/Logo-Balzance-edited-1536x960.png 1536w\" sizes=\"(max-width: 1563px) 100vw, 1563px\" \/><\/figure>\n<\/div>\n\n\n<div class=\"wp-block-cover alignfull is-light\" style=\"min-height:700px;aspect-ratio:unset;\"><span aria-hidden=\"true\" class=\"wp-block-cover__background has-background-dim-0 has-background-dim\"><\/span><img loading=\"lazy\" decoding=\"async\" width=\"1280\" height=\"855\" class=\"wp-block-cover__image-background wp-image-355\" alt=\"\" src=\"http:\/\/balzance.fr\/wp-content\/uploads\/2023\/02\/Balzance_Pilotage-Tresorerie_Ecuries.jpeg\" data-object-fit=\"cover\" srcset=\"https:\/\/balzance.fr\/wp-content\/uploads\/2023\/02\/Balzance_Pilotage-Tresorerie_Ecuries.jpeg 1280w, https:\/\/balzance.fr\/wp-content\/uploads\/2023\/02\/Balzance_Pilotage-Tresorerie_Ecuries-300x200.jpeg 300w, https:\/\/balzance.fr\/wp-content\/uploads\/2023\/02\/Balzance_Pilotage-Tresorerie_Ecuries-1024x684.jpeg 1024w, https:\/\/balzance.fr\/wp-content\/uploads\/2023\/02\/Balzance_Pilotage-Tresorerie_Ecuries-768x513.jpeg 768w, https:\/\/balzance.fr\/wp-content\/uploads\/2023\/02\/Balzance_Pilotage-Tresorerie_Ecuries-930x620.jpeg 930w\" sizes=\"auto, (max-width: 1280px) 100vw, 1280px\" \/><div class=\"wp-block-cover__inner-container is-layout-flow wp-block-cover-is-layout-flow\">\n<div class=\"wp-block-group is-vertical is-content-justification-right is-layout-flex wp-container-core-group-is-layout-b6c475e2 wp-block-group-is-layout-flex\">\n<h1 class=\"has-text-align-center has-text-color has-x-large-font-size wp-block-heading\" style=\"color:#d8734a;font-style:normal;font-weight:900;text-transform:none\">GESTION FINANCI\u00c8RE<\/h1>\n\n\n\n<h1 class=\"has-text-align-center has-text-color has-x-large-font-size wp-block-heading\" style=\"color:#d8734a;font-style:normal;font-weight:900\">POUR \u00c9CURIES<\/h1>\n\n\n\n<p class=\"has-text-align-center has-neve-link-hover-color-color has-text-color has-medium-font-size\"><strong>PROPRI\u00c9TAIRES, SPORT, COURSES<\/strong><\/p>\n\n\n\n<h2 class=\"wp-block-heading\"><\/h2>\n\n\n<\/div>\n\n\n\n<div style=\"height:0px\" aria-hidden=\"true\" class=\"wp-block-spacer\"><\/div>\n\n\n\n<div style=\"height:80px\" aria-hidden=\"true\" class=\"wp-block-spacer\"><\/div>\n\n\n\n<div style=\"height:80px\" aria-hidden=\"true\" class=\"wp-block-spacer\"><\/div>\n<\/div><\/div>\n\n\n\n<div class=\"wp-block-cover alignfull is-light\" style=\"min-height:476px;aspect-ratio:unset;\"><span aria-hidden=\"true\" class=\"wp-block-cover__background has-background-dim-100 has-background-dim\" style=\"background-color:#eee5e1\"><\/span><div class=\"wp-block-cover__inner-container is-layout-flow wp-block-cover-is-layout-flow\">\n<div class=\"wp-block-group\"><div class=\"wp-block-group__inner-container is-layout-flow wp-block-group-is-layout-flow\">\n<div style=\"height:21px\" aria-hidden=\"true\" class=\"wp-block-spacer\"><\/div>\n\n\n\n<div class=\"wp-block-columns are-vertically-aligned-center is-layout-flex wp-container-core-columns-is-layout-9d6595d7 wp-block-columns-is-layout-flex\">\n<div class=\"wp-block-column is-vertically-aligned-center is-layout-flow wp-block-column-is-layout-flow\" style=\"flex-basis:50%\">\n<figure class=\"wp-block-image size-large\"><img loading=\"lazy\" decoding=\"async\" width=\"1024\" height=\"682\" src=\"http:\/\/balzance.fr\/wp-content\/uploads\/2023\/02\/Balzance_Pilotage-Tresorerie_Ecuries_02-1024x682.jpeg\" alt=\"\" class=\"wp-image-357\" srcset=\"https:\/\/balzance.fr\/wp-content\/uploads\/2023\/02\/Balzance_Pilotage-Tresorerie_Ecuries_02-1024x682.jpeg 1024w, https:\/\/balzance.fr\/wp-content\/uploads\/2023\/02\/Balzance_Pilotage-Tresorerie_Ecuries_02-300x200.jpeg 300w, https:\/\/balzance.fr\/wp-content\/uploads\/2023\/02\/Balzance_Pilotage-Tresorerie_Ecuries_02-768x512.jpeg 768w, https:\/\/balzance.fr\/wp-content\/uploads\/2023\/02\/Balzance_Pilotage-Tresorerie_Ecuries_02-930x620.jpeg 930w, https:\/\/balzance.fr\/wp-content\/uploads\/2023\/02\/Balzance_Pilotage-Tresorerie_Ecuries_02.jpeg 1280w\" sizes=\"auto, (max-width: 1024px) 100vw, 1024px\" \/><\/figure>\n<\/div>\n\n\n\n<div class=\"wp-block-column is-vertically-aligned-center is-layout-flow wp-block-column-is-layout-flow\" style=\"flex-basis:50%\">\n<h2 class=\"has-text-align-left has-neve-link-hover-color-color has-text-color wp-block-heading\">Pilotage de tr\u00e9sorerie<\/h2>\n\n\n\n<p><mark style=\"background-color:rgba(0, 0, 0, 0)\" class=\"has-inline-color has-neve-text-color-color\">Anticiper vos <strong>fluctuations de tr\u00e9sorerie<\/strong><\/mark><\/p>\n\n\n\n<p><mark style=\"background-color:rgba(0, 0, 0, 0)\" class=\"has-inline-color has-neve-text-color-color\">G\u00e9rer au mieux vos <strong>stocks<\/strong><\/mark> (fourrage, granul\u00e9s, etc)<\/p>\n\n\n\n<p><mark style=\"background-color:rgba(0, 0, 0, 0)\" class=\"has-inline-color has-neve-text-color-color\">Optimiser vos <\/mark><strong><mark style=\"background-color:rgba(0, 0, 0, 0)\" class=\"has-inline-color has-neve-text-color-color\">encaissements<\/mark> <\/strong>(facturation &amp; relance automatis\u00e9es)<\/p>\n\n\n\n<p>&#8211; <mark style=\"background-color:rgba(0, 0, 0, 0)\" class=\"has-inline-color has-neve-text-color-color\">G\u00e9rer vos <\/mark><strong><mark style=\"background-color:rgba(0, 0, 0, 0)\" class=\"has-inline-color has-neve-text-color-color\">paiements fournisseurs<\/mark> <\/strong><\/p>\n\n\n\n<p class=\"has-neve-text-color-color has-text-color\">&#8211; G\u00e9rer l&#8217;<strong>avance de vos frais<\/strong> (licences, engagements, etc) <\/p>\n\n\n\n<p class=\"has-nv-c-2-color has-text-color\"><strong>\u00c0 PARTIR DE 99\u20ac HT PAR MOIS<\/strong><\/p>\n<\/div>\n<\/div>\n\n\n\n<div style=\"height:20px\" aria-hidden=\"true\" class=\"wp-block-spacer\"><\/div>\n<\/div><\/div>\n<\/div><\/div>\n\n\n\n<div class=\"wp-block-cover alignfull\" style=\"min-height:522px;aspect-ratio:unset;\"><span aria-hidden=\"true\" class=\"wp-block-cover__background has-nv-light-bg-background-color has-background-dim-100 has-background-dim\"><\/span><div class=\"wp-block-cover__inner-container is-layout-flow wp-block-cover-is-layout-flow\">\n<div style=\"height:20px\" aria-hidden=\"true\" class=\"wp-block-spacer\"><\/div>\n\n\n\n<div class=\"wp-block-group\"><div class=\"wp-block-group__inner-container is-layout-flow wp-block-group-is-layout-flow\">\n<div class=\"wp-block-group alignfull\"><div class=\"wp-block-group__inner-container is-layout-constrained wp-block-group-is-layout-constrained\">\n<div class=\"wp-block-group alignfull\"><div class=\"wp-block-group__inner-container is-layout-constrained wp-block-group-is-layout-constrained\">\n<div class=\"wp-block-columns alignfull are-vertically-aligned-center has-nv-light-bg-background-color has-background is-layout-flex wp-container-core-columns-is-layout-9d6595d7 wp-block-columns-is-layout-flex\">\n<div class=\"wp-block-column is-vertically-aligned-center is-layout-flow wp-block-column-is-layout-flow\" style=\"flex-basis:50%\">\n<h2 class=\"has-text-align-left has-neve-link-hover-color-color has-text-color wp-block-heading\">Et pour aller plus loin<\/h2>\n\n\n\n<p class=\"has-text-align-left has-neve-text-color-color has-text-color\" style=\"font-size:17px\">Financer vos <strong>investissements<\/strong> (infrastructures, r\u00e9novations, v\u00e9hicules, machines,&#8230;)<\/p>\n\n\n\n<p class=\"has-text-align-left has-neve-text-color-color has-text-color\" style=\"font-size:17px\">Calculer votre <strong>rentabilit\u00e9<\/strong> (pension, concours, coaching, transport)<\/p>\n\n\n\n<p class=\"has-text-align-left has-neve-text-color-color has-text-color\" style=\"font-size:17px\">G\u00e9rer votre <strong>masse salariale<\/strong> (embauches &amp; ruptures de contrat, relation URSSAF, mutuelle, etc)<\/p>\n\n\n\n<p class=\"has-text-align-left has-neve-text-color-color has-text-color\" style=\"font-size:17px\"><strong>Automatiser vos process<\/strong> gr\u00e2ce \u00e0 la mise en place d&#8217;outils (r\u00e8glements fournisseurs, facturation, relance clients)<\/p>\n\n\n\n<p class=\"has-nv-c-2-color has-text-color\"><strong>\u00c0 PARTIR DE 199\u20ac HT PAR JOUR<\/strong><\/p>\n<\/div>\n\n\n\n<div class=\"wp-block-column is-vertically-aligned-center is-layout-flow wp-block-column-is-layout-flow\" style=\"flex-basis:50%\">\n<figure class=\"wp-block-image size-large\"><img loading=\"lazy\" decoding=\"async\" width=\"1024\" height=\"683\" src=\"http:\/\/balzance.fr\/wp-content\/uploads\/2023\/02\/Balzance_Pilotage-Tresorerie_Ecuries_03-1024x683.jpeg\" alt=\"\" class=\"wp-image-358\" srcset=\"https:\/\/balzance.fr\/wp-content\/uploads\/2023\/02\/Balzance_Pilotage-Tresorerie_Ecuries_03-1024x683.jpeg 1024w, https:\/\/balzance.fr\/wp-content\/uploads\/2023\/02\/Balzance_Pilotage-Tresorerie_Ecuries_03-300x200.jpeg 300w, https:\/\/balzance.fr\/wp-content\/uploads\/2023\/02\/Balzance_Pilotage-Tresorerie_Ecuries_03-768x512.jpeg 768w, https:\/\/balzance.fr\/wp-content\/uploads\/2023\/02\/Balzance_Pilotage-Tresorerie_Ecuries_03-930x620.jpeg 930w, https:\/\/balzance.fr\/wp-content\/uploads\/2023\/02\/Balzance_Pilotage-Tresorerie_Ecuries_03.jpeg 1280w\" sizes=\"auto, (max-width: 1024px) 100vw, 1024px\" \/><\/figure>\n<\/div>\n<\/div>\n<\/div><\/div>\n<\/div><\/div>\n<\/div><\/div>\n\n\n\n<div style=\"height:20px\" aria-hidden=\"true\" class=\"wp-block-spacer\"><\/div>\n<\/div><\/div>\n\n\n\n<div class=\"wp-block-cover alignfull\" style=\"min-height:300px;aspect-ratio:unset;\"><span aria-hidden=\"true\" class=\"wp-block-cover__background has-nv-dark-bg-background-color has-background-dim-100 has-background-dim\"><\/span><div class=\"wp-block-cover__inner-container is-layout-flow wp-block-cover-is-layout-flow\">\n<div style=\"height:20px\" aria-hidden=\"true\" class=\"wp-block-spacer\"><\/div>\n\n\n\n<h2 class=\"has-text-align-center has-nv-text-dark-bg-color has-text-color wp-block-heading\">QUI SOMMES-NOUS ?<\/h2>\n\n\n\n<p class=\"has-text-align-center\"><strong>Directrice administrative &amp; financi\u00e8re<\/strong> depuis plus de 5 ans mais aussi cavali\u00e8re de <strong>CCE<\/strong>, <\/p>\n\n\n\n<p class=\"has-text-align-center\">je vous conseille dans la <strong>gestion financi\u00e8re de vos \u00e9curies<\/strong> pour aller au-del\u00e0 de l&#8217;accompagnement de votre expert-comptable. <\/p>\n\n\n\n<p class=\"has-text-align-center\">Bas\u00e9e dans l&#8217;Oise (60), je vous accompagne sur place ou \u00e0 distance pour vous apporter de la visibilit\u00e9 dans votre pilotage de tr\u00e9sorerie et la gestion de votre entreprise.  <\/p>\n\n\n\n<div style=\"height:10px\" aria-hidden=\"true\" class=\"wp-block-spacer\"><\/div>\n\n\n\n<hr class=\"wp-block-separator has-alpha-channel-opacity\"\/>\n\n\n\n<div id=\"wp-block-themeisle-blocks-advanced-columns-979a6181\" class=\"wp-block-themeisle-blocks-advanced-columns alignfull has-2-columns has-desktop-equal-layout has-tablet-equal-layout has-mobile-collapsedRows-layout has-vertical-top ticss-c00aadba\"><div class=\"wp-block-themeisle-blocks-advanced-columns-overlay\"><\/div><div class=\"innerblocks-wrap\">\n<div id=\"wp-block-themeisle-blocks-advanced-column-db9b2784\" class=\"wp-block-themeisle-blocks-advanced-column\">\n<div id=\"wp-block-themeisle-blocks-font-awesome-icons-97676fcf\" class=\"wp-block-themeisle-blocks-font-awesome-icons\"><span class=\"wp-block-themeisle-blocks-font-awesome-icons-container\"><svg xmlns=\"http:\/\/www.w3.org\/2000\/svg\" viewBox=\"0 0 1800 1800\"><path d=\"M531.087,344.727c0.247,0,0.492,0.033,0.739,0.033h453.558c16.819,0,30.444-13.625,30.444-30.436 c0-16.815-13.625-30.435-30.444-30.435H638.226H531.826c-16.811,0-30.44,13.62-30.44,30.435 C501.386,330.885,514.624,344.331,531.087,344.727z\"><\/path><path d=\"M531.826,497.389h749.422c16.814,0,30.443-13.629,30.443-30.439c0-16.814-13.629-30.439-30.443-30.439 H531.826c-16.811,0-30.44,13.625-30.44,30.439C501.386,483.76,515.016,497.389,531.826,497.389z\"><\/path><path d=\"M531.826,650.009h749.422c16.814,0,30.443-13.633,30.443-30.444c0-8.872-3.822-16.827-9.877-22.389 c-5.424-4.982-12.625-8.046-20.566-8.046H531.826c-7.938,0-15.143,3.064-20.567,8.046c-6.054,5.562-9.873,13.517-9.873,22.389 C501.386,636.376,515.016,650.009,531.826,650.009z\"><\/path><path d=\"M1311.691,772.194c0-16.806-13.629-30.436-30.443-30.436H531.826c-16.811,0-30.44,13.629-30.44,30.436 c0,16.815,13.629,30.444,30.44,30.444h749.422C1298.063,802.638,1311.691,789.009,1311.691,772.194z\"><\/path><path d=\"M1772.088,533.511c-2.481-3.422-5.691-6.4-9.603-8.622l-246.454-139.961v-82.389v-9.853 c-1.264-7.738-5.432-14.501-11.406-19.066l-49.465-42.835l-131.073-113.508l-61.889-53.596c-5.286-4.582-11.866-7.021-18.591-7.275 h-2.197H937.55h-66.904H383.746c-47.809,0-86.705,38.895-86.705,86.696V382.15L61.554,515.893 c-31.678,11.565-54.396,41.913-54.396,77.54v1067.543c0,45.554,37.064,82.618,82.622,82.618h1625.598 c45.558,0,82.623-37.064,82.623-82.618V593.433C1798,569.839,1788.002,548.583,1772.088,533.511z M1614.426,510.814l92.579,52.583 l-11.661,8.301l-179.313,127.664V571.698v-60.883v-55.873L1614.426,510.814z M1405.5,267.454h-132.895V152.361L1405.5,267.454z M357.922,571.698v-60.883v-93.226v-70.01V143.102c0-14.239,11.585-25.825,25.824-25.825h379.699H886.73h34.734h123.285h167.617 v180.296c0,16.631,13.483,30.11,30.119,30.11h212.674v22.668v70.015v90.448v60.883V742.7l-397.298,282.87l-50.781,36.148 l-18.591,13.241l-81.088,57.728l-81.093-57.728l-18.611-13.25l-50.782-36.155L357.922,741.483V571.698z M193.76,510.814 l103.281-58.649v58.649v60.883V698.14L119.448,571.698l-14.597-10.395L193.76,510.814z M68.036,1648.984V609.822l229.005,163.047 l60.88,43.344L710.7,1067.38l-8.372,7.58l-67.267,60.871L68.036,1648.984z M121.495,1682.723l604.294-546.892l35.693-32.304 l45.37,32.304l82.897,59.028c5.283,3.76,11.462,5.637,17.653,5.637c6.187,0,12.369-1.877,17.652-5.637l82.889-59.028l45.354-32.286 l35.686,32.286l604.311,546.892H121.495z M1737.119,1640.271l-557.41-504.439l-67.267-60.871l-8.359-7.563l351.077-249.962 l60.871-43.348l221.088-157.407V1640.271z\"><\/path><\/svg><\/span><\/div>\n\n\n\n<h2 id=\"wp-block-themeisle-blocks-advanced-heading-8f0c59f3\" class=\"wp-block-themeisle-blocks-advanced-heading wp-block-themeisle-blocks-advanced-heading-8f0c59f3\">Contactez-nous<\/h2>\n\n\n\n<p>Pour \u00e9changer sur vos besoins ou bien simplement nous poser une question, notre \u00e9quipe est \u00e0 votre disposition. <\/p>\n\n\n\n<div id=\"wp-block-themeisle-blocks-icon-list-67752bde\" class=\"wp-block-themeisle-blocks-icon-list\">\n<div id=\"wp-block-themeisle-blocks-icon-list-item-05c2fc79\" class=\"wp-block-themeisle-blocks-icon-list-item\"><i class=\"far fa-envelope wp-block-themeisle-blocks-icon-list-item-icon\"><\/i><p class=\"wp-block-themeisle-blocks-icon-list-item-content\">balzance@gmail.com<\/p><\/div>\n<\/div>\n\n\n\n<div style=\"height:20px\" aria-hidden=\"true\" class=\"wp-block-spacer\"><\/div>\n\n\n\n<ul class=\"wp-block-social-links has-large-icon-size is-style-logos-only is-layout-flex wp-block-social-links-is-layout-flex\"><\/ul>\n<\/div>\n\n\n\n<div id=\"wp-block-themeisle-blocks-advanced-column-09d718d5\" class=\"wp-block-themeisle-blocks-advanced-column\">\n<div id=\"wp-block-themeisle-blocks-form-9f7dcb09\" class=\"wp-block-themeisle-blocks-form\" data-option-name=\"bf9b28ff82ce323187abc5d0feb0d8f07ecd8436_9f7dcb09\"><form class=\"otter-form__container\">\n<div id=\"wp-block-themeisle-blocks-form-input-1f57bd3c\" class=\"wp-block-themeisle-blocks-form-input\"><label for=\"wp-block-themeisle-blocks-form-input-1f57bd3c-input\" class=\"otter-form-input-label\"><span class=\"otter-form-input-label__label\">Nom<\/span><span class=\"required\">*<\/span><\/label><input type=\"text\" id=\"wp-block-themeisle-blocks-form-input-1f57bd3c-input\" required class=\"otter-form-input\"\/><\/div>\n\n\n\n<div id=\"wp-block-themeisle-blocks-form-input-d72670f6\" class=\"wp-block-themeisle-blocks-form-input\"><label for=\"wp-block-themeisle-blocks-form-input-d72670f6-input\" class=\"otter-form-input-label\"><span class=\"otter-form-input-label__label\">Email<\/span><span class=\"required\">*<\/span><\/label><input type=\"email\" id=\"wp-block-themeisle-blocks-form-input-d72670f6-input\" required class=\"otter-form-input\"\/><\/div>\n\n\n\n<div id=\"wp-block-themeisle-blocks-form-textarea-2c439c9e\" class=\"wp-block-themeisle-blocks-form-textarea\"><label for=\"wp-block-themeisle-blocks-form-textarea-2c439c9e-input\" class=\"otter-form-textarea-label\"><span class=\"otter-form-textarea-label__label\">Message<\/span><\/label><textarea id=\"wp-block-themeisle-blocks-form-textarea-2c439c9e-input\" rows=\"10\" class=\"otter-form-textarea-input\"><\/textarea><\/div>\n\n\n\n<p class=\"has-extra-small-font-size\"><\/p>\n\n\n<div class=\"protection\"><input type=\"hidden\" id=\"wp-block-themeisle-blocks-form-9f7dcb09_nonce_field\" name=\"wp-block-themeisle-blocks-form-9f7dcb09_nonce_field\" value=\"e8809aaf9e\" \/><input type=\"hidden\" name=\"_wp_http_referer\" value=\"\/index.php\/wp-json\/wp\/v2\/pages\/5\" \/><\/div><div class=\"wp-block-button\"><button class=\"wp-block-button__link\" type=\"submit\">Submit<\/button><\/div><\/form><\/div>\n<\/div>\n<\/div><\/div>\n<\/div><\/div>\n","protected":false},"excerpt":{"rendered":"","protected":false},"author":1,"featured_media":0,"parent":0,"menu_order":0,"comment_status":"closed","ping_status":"closed","template":"","meta":{"neve_meta_sidebar":"default","neve_meta_container":"default","neve_meta_enable_content_width":"on","neve_meta_content_width":100,"neve_meta_title_alignment":"","neve_meta_author_avatar":"","neve_post_elements_order":"","neve_meta_disable_header":"","neve_meta_disable_footer":"","neve_meta_disable_title":"on","_themeisle_gutenberg_block_has_review":false,"_ti_tpc_template_sync":false,"_ti_tpc_template_id":"5udqur826ojgsxrmsxsc","footnotes":""},"class_list":["post-5","page","type-page","status-publish","hentry"],"_links":{"self":[{"href":"https:\/\/balzance.fr\/index.php\/wp-json\/wp\/v2\/pages\/5","targetHints":{"allow":["GET"]}}],"collection":[{"href":"https:\/\/balzance.fr\/index.php\/wp-json\/wp\/v2\/pages"}],"about":[{"href":"https:\/\/balzance.fr\/index.php\/wp-json\/wp\/v2\/types\/page"}],"author":[{"embeddable":true,"href":"https:\/\/balzance.fr\/index.php\/wp-json\/wp\/v2\/users\/1"}],"replies":[{"embeddable":true,"href":"https:\/\/balzance.fr\/index.php\/wp-json\/wp\/v2\/comments?post=5"}],"version-history":[{"count":15,"href":"https:\/\/balzance.fr\/index.php\/wp-json\/wp\/v2\/pages\/5\/revisions"}],"predecessor-version":[{"id":404,"href":"https:\/\/balzance.fr\/index.php\/wp-json\/wp\/v2\/pages\/5\/revisions\/404"}],"wp:attachment":[{"href":"https:\/\/balzance.fr\/index.php\/wp-json\/wp\/v2\/media?parent=5"}],"curies":[{"name":"wp","href":"https:\/\/api.w.org\/{rel}","templated":true}]}}